{"id":8728,"date":"2024-04-09T04:49:28","date_gmt":"2024-04-09T04:49:28","guid":{"rendered":"https:\/\/allovoyages.radca.ca\/?page_id=8728"},"modified":"2024-04-09T18:08:12","modified_gmt":"2024-04-09T18:08:12","slug":"politiques-et-conditions","status":"publish","type":"page","link":"https:\/\/allovoyages.ca\/?page_id=8728","title":{"rendered":"Politiques et conditions"},"content":{"rendered":"\t\t<div data-elementor-type=\"wp-page\" data-elementor-id=\"8728\" class=\"elementor elementor-8728\" data-elementor-post-type=\"page\">\n\t\t\t\t<div class=\"elementor-element elementor-element-7171346b e-flex e-con-boxed e-con e-parent\" data-id=\"7171346b\" data-element_type=\"container\" data-e-type=\"container\" data-settings=\"{&quot;background_background&quot;:&quot;classic&quot;}\">\n\t\t\t\t\t<div class=\"e-con-inner\">\n\t\t<div class=\"elementor-element elementor-element-7d0cbbb9 e-con-full e-flex e-con e-child\" data-id=\"7d0cbbb9\" data-element_type=\"container\" data-e-type=\"container\">\n\t\t\t\t<div class=\"elementor-element elementor-element-1e514bb animated-slow elementor-invisible elementor-widget elementor-widget-heading\" data-id=\"1e514bb\" data-element_type=\"widget\" data-e-type=\"widget\" data-settings=\"{&quot;_animation&quot;:&quot;slideInUp&quot;}\" data-widget_type=\"heading.default\">\n\t\t\t\t<div class=\"elementor-widget-container\">\n\t\t\t\t\t<h2 class=\"elementor-heading-title elementor-size-default\">All\u00f4 Voyages<\/h2>\t\t\t\t<\/div>\n\t\t\t\t<\/div>\n\t\t\t\t<div class=\"elementor-element elementor-element-5c298fe3 animated-slow elementor-invisible elementor-widget elementor-widget-heading\" data-id=\"5c298fe3\" data-element_type=\"widget\" data-e-type=\"widget\" data-settings=\"{&quot;_animation&quot;:&quot;slideInUp&quot;}\" data-widget_type=\"heading.default\">\n\t\t\t\t<div class=\"elementor-widget-container\">\n\t\t\t\t\t<h2 class=\"elementor-heading-title elementor-size-default\">Politiques <BR>\net conditions<\/h2>\t\t\t\t<\/div>\n\t\t\t\t<\/div>\n\t\t\t\t<\/div>\n\t\t\t\t<div class=\"elementor-element elementor-element-1af0f8b7 elementor-widget__width-initial elementor-widget elementor-widget-toggle\" data-id=\"1af0f8b7\" data-element_type=\"widget\" data-e-type=\"widget\" data-widget_type=\"toggle.default\">\n\t\t\t\t<div class=\"elementor-widget-container\">\n\t\t\t\t\t\t\t<div class=\"elementor-toggle\">\n\t\t\t\t\t\t\t<div class=\"elementor-toggle-item\">\n\t\t\t\t\t<h3 id=\"elementor-tab-title-4511\" class=\"elementor-tab-title\" data-tab=\"1\" role=\"button\" aria-controls=\"elementor-tab-content-4511\" aria-expanded=\"false\">\n\t\t\t\t\t\t\t\t\t\t\t\t<span class=\"elementor-toggle-icon elementor-toggle-icon-right\" aria-hidden=\"true\">\n\t\t\t\t\t\t\t\t\t\t\t\t\t\t\t<span class=\"elementor-toggle-icon-closed\"><i class=\"fas fa-plus\"><\/i><\/span>\n\t\t\t\t\t\t\t\t<span class=\"elementor-toggle-icon-opened\"><i class=\"elementor-toggle-icon-opened fas fa-minus\"><\/i><\/span>\n\t\t\t\t\t\t\t\t\t\t\t\t\t<\/span>\n\t\t\t\t\t\t\t\t\t\t\t\t<a class=\"elementor-toggle-title\" tabindex=\"0\">l'Office de la protection du consommateur (OPC)<\/a>\n\t\t\t\t\t<\/h3>\n\n\t\t\t\t\t<div id=\"elementor-tab-content-4511\" class=\"elementor-tab-content elementor-clearfix\" data-tab=\"1\" role=\"region\" aria-labelledby=\"elementor-tab-title-4511\"><p>Au Qu\u00e9bec, les agences de voyage sont r\u00e9glement\u00e9es par l&#8217;Office de la protection du consommateur (OPC) et doivent respecter certaines conditions et obligations l\u00e9gales. Voici quelques points cl\u00e9s en mati\u00e8re de politique et de conditions pour les agences de voyage au Qu\u00e9bec :<\/p><ol><li><p><strong>Licence de l&#8217;OPC :<\/strong>\u00a0Toute agence de voyage op\u00e9rant au Qu\u00e9bec doit d\u00e9tenir une licence d\u00e9livr\u00e9e par l&#8217;OPC. Cette licence atteste que l&#8217;agence respecte les normes et les exigences l\u00e9gales en mati\u00e8re de protection des consommateurs.<\/p><\/li><li><p><strong>Informations pr\u00e9contractuelles :<\/strong>\u00a0Avant la conclusion d&#8217;un contrat de voyage, une agence de voyage est tenue de fournir aux consommateurs des informations pr\u00e9contractuelles claires et pr\u00e9cises sur les services offerts, les conditions de r\u00e9servation, les prix, les assurances disponibles, les modalit\u00e9s de paiement, les conditions d&#8217;annulation et de remboursement, etc.<\/p><\/li><li><p><strong>Contrat de voyage :<\/strong>\u00a0L&#8217;agence de voyage doit fournir un contrat \u00e9crit d\u00e9taillant toutes les modalit\u00e9s de la transaction, y compris les services inclus, les dates de voyage, les conditions d&#8217;annulation et de remboursement, les assurances, les responsabilit\u00e9s des parties, etc. Le consommateur doit recevoir une copie du contrat.<\/p><\/li><li><p><strong>Responsabilit\u00e9 financi\u00e8re :<\/strong>\u00a0Les agences de voyage doivent d\u00e9poser une garantie financi\u00e8re aupr\u00e8s de l&#8217;OPC pour prot\u00e9ger les consommateurs en cas de faillite ou de d\u00e9faillance de l&#8217;agence. Cette garantie assure le remboursement des montants vers\u00e9s par les consommateurs pour des services non rendus.<\/p><\/li><li><p><strong>Respect des normes :<\/strong>\u00a0Les agences de voyage doivent respecter les normes de qualit\u00e9 et de s\u00e9curit\u00e9 applicables \u00e0 l&#8217;industrie du tourisme, notamment en ce qui concerne l&#8217;h\u00e9bergement, le transport, les activit\u00e9s, etc.<\/p><\/li><li><p><strong>Service apr\u00e8s-vente :<\/strong>\u00a0Les agences de voyage sont tenues de fournir un service apr\u00e8s-vente efficace pour r\u00e9pondre aux demandes des consommateurs, notamment en cas de probl\u00e8me pendant le voyage ou de r\u00e9clamation apr\u00e8s le retour.<\/p><\/li><\/ol><p>Il est recommand\u00e9 aux consommateurs de v\u00e9rifier que l&#8217;agence de voyage avec laquelle ils envisagent de r\u00e9server leur voyage est bien titulaire d&#8217;une licence valide d\u00e9livr\u00e9e par l&#8217;OPC et de lire attentivement les conditions g\u00e9n\u00e9rales avant de conclure un contrat de voyage. En cas de litige, les consommateurs peuvent faire appel \u00e0 l&#8217;OPC pour obtenir de l&#8217;aide et des conseils.<\/p><\/div>\n\t\t\t\t<\/div>\n\t\t\t\t\t\t\t<div class=\"elementor-toggle-item\">\n\t\t\t\t\t<h3 id=\"elementor-tab-title-4512\" class=\"elementor-tab-title\" data-tab=\"2\" role=\"button\" aria-controls=\"elementor-tab-content-4512\" aria-expanded=\"false\">\n\t\t\t\t\t\t\t\t\t\t\t\t<span class=\"elementor-toggle-icon elementor-toggle-icon-right\" aria-hidden=\"true\">\n\t\t\t\t\t\t\t\t\t\t\t\t\t\t\t<span class=\"elementor-toggle-icon-closed\"><i class=\"fas fa-plus\"><\/i><\/span>\n\t\t\t\t\t\t\t\t<span class=\"elementor-toggle-icon-opened\"><i class=\"elementor-toggle-icon-opened fas fa-minus\"><\/i><\/span>\n\t\t\t\t\t\t\t\t\t\t\t\t\t<\/span>\n\t\t\t\t\t\t\t\t\t\t\t\t<a class=\"elementor-toggle-title\" tabindex=\"0\">1. R\u00e9servations<\/a>\n\t\t\t\t\t<\/h3>\n\n\t\t\t\t\t<div id=\"elementor-tab-content-4512\" class=\"elementor-tab-content elementor-clearfix\" data-tab=\"2\" role=\"region\" aria-labelledby=\"elementor-tab-title-4512\"><ul><li>Toutes les r\u00e9servations effectu\u00e9es sur notre site sont sujettes \u00e0 disponibilit\u00e9.<\/li><li>Les prix affich\u00e9s sont bas\u00e9s sur les informations disponibles au moment de la r\u00e9servation et sont sujets \u00e0 changement sans pr\u00e9avis.<\/li><\/ul><\/div>\n\t\t\t\t<\/div>\n\t\t\t\t\t\t\t<div class=\"elementor-toggle-item\">\n\t\t\t\t\t<h3 id=\"elementor-tab-title-4513\" class=\"elementor-tab-title\" data-tab=\"3\" role=\"button\" aria-controls=\"elementor-tab-content-4513\" aria-expanded=\"false\">\n\t\t\t\t\t\t\t\t\t\t\t\t<span class=\"elementor-toggle-icon elementor-toggle-icon-right\" aria-hidden=\"true\">\n\t\t\t\t\t\t\t\t\t\t\t\t\t\t\t<span class=\"elementor-toggle-icon-closed\"><i class=\"fas fa-plus\"><\/i><\/span>\n\t\t\t\t\t\t\t\t<span class=\"elementor-toggle-icon-opened\"><i class=\"elementor-toggle-icon-opened fas fa-minus\"><\/i><\/span>\n\t\t\t\t\t\t\t\t\t\t\t\t\t<\/span>\n\t\t\t\t\t\t\t\t\t\t\t\t<a class=\"elementor-toggle-title\" tabindex=\"0\">2. Paiement<\/a>\n\t\t\t\t\t<\/h3>\n\n\t\t\t\t\t<div id=\"elementor-tab-content-4513\" class=\"elementor-tab-content elementor-clearfix\" data-tab=\"3\" role=\"region\" aria-labelledby=\"elementor-tab-title-4513\"><ul><li>Le paiement int\u00e9gral ou un d\u00e9p\u00f4t non remboursable peut \u00eatre requis au moment de la r\u00e9servation, selon les conditions sp\u00e9cifiques du produit ou du service r\u00e9serv\u00e9.<\/li><li>Les modes de paiement accept\u00e9s incluent les cartes de cr\u00e9dit, les virements bancaires et d&#8217;autres options indiqu\u00e9es lors du processus de r\u00e9servation.<\/li><\/ul><\/div>\n\t\t\t\t<\/div>\n\t\t\t\t\t\t\t<div class=\"elementor-toggle-item\">\n\t\t\t\t\t<h3 id=\"elementor-tab-title-4514\" class=\"elementor-tab-title\" data-tab=\"4\" role=\"button\" aria-controls=\"elementor-tab-content-4514\" aria-expanded=\"false\">\n\t\t\t\t\t\t\t\t\t\t\t\t<span class=\"elementor-toggle-icon elementor-toggle-icon-right\" aria-hidden=\"true\">\n\t\t\t\t\t\t\t\t\t\t\t\t\t\t\t<span class=\"elementor-toggle-icon-closed\"><i class=\"fas fa-plus\"><\/i><\/span>\n\t\t\t\t\t\t\t\t<span class=\"elementor-toggle-icon-opened\"><i class=\"elementor-toggle-icon-opened fas fa-minus\"><\/i><\/span>\n\t\t\t\t\t\t\t\t\t\t\t\t\t<\/span>\n\t\t\t\t\t\t\t\t\t\t\t\t<a class=\"elementor-toggle-title\" tabindex=\"0\">3. Annulations et Modifications<\/a>\n\t\t\t\t\t<\/h3>\n\n\t\t\t\t\t<div id=\"elementor-tab-content-4514\" class=\"elementor-tab-content elementor-clearfix\" data-tab=\"4\" role=\"region\" aria-labelledby=\"elementor-tab-title-4514\"><ul><li>Les politiques d&#8217;annulation et de modification varient selon le produit ou le service r\u00e9serv\u00e9. Veuillez consulter les d\u00e9tails sp\u00e9cifiques au moment de la r\u00e9servation.<\/li><li>Des frais d&#8217;annulation ou de modification peuvent s&#8217;appliquer selon les conditions de nos fournisseurs.<\/li><\/ul><\/div>\n\t\t\t\t<\/div>\n\t\t\t\t\t\t\t<div class=\"elementor-toggle-item\">\n\t\t\t\t\t<h3 id=\"elementor-tab-title-4515\" class=\"elementor-tab-title\" data-tab=\"5\" role=\"button\" aria-controls=\"elementor-tab-content-4515\" aria-expanded=\"false\">\n\t\t\t\t\t\t\t\t\t\t\t\t<span class=\"elementor-toggle-icon elementor-toggle-icon-right\" aria-hidden=\"true\">\n\t\t\t\t\t\t\t\t\t\t\t\t\t\t\t<span class=\"elementor-toggle-icon-closed\"><i class=\"fas fa-plus\"><\/i><\/span>\n\t\t\t\t\t\t\t\t<span class=\"elementor-toggle-icon-opened\"><i class=\"elementor-toggle-icon-opened fas fa-minus\"><\/i><\/span>\n\t\t\t\t\t\t\t\t\t\t\t\t\t<\/span>\n\t\t\t\t\t\t\t\t\t\t\t\t<a class=\"elementor-toggle-title\" tabindex=\"0\">4. Responsabilit\u00e9s<\/a>\n\t\t\t\t\t<\/h3>\n\n\t\t\t\t\t<div id=\"elementor-tab-content-4515\" class=\"elementor-tab-content elementor-clearfix\" data-tab=\"5\" role=\"region\" aria-labelledby=\"elementor-tab-title-4515\"><ul><li>All\u00f4 Voyages agit en tant qu&#8217;interm\u00e9diaire entre les clients et les fournisseurs de services de voyage (compagnies a\u00e9riennes, h\u00f4tels, etc.). Nous ne sommes pas responsables des actes ou des omissions de ces fournisseurs.<\/li><li>Les clients sont responsables de l&#8217;exactitude des informations fournies lors de la r\u00e9servation et doivent se conformer aux exigences des autorit\u00e9s gouvernementales et des fournisseurs de services.<\/li><\/ul><\/div>\n\t\t\t\t<\/div>\n\t\t\t\t\t\t\t<div class=\"elementor-toggle-item\">\n\t\t\t\t\t<h3 id=\"elementor-tab-title-4516\" class=\"elementor-tab-title\" data-tab=\"6\" role=\"button\" aria-controls=\"elementor-tab-content-4516\" aria-expanded=\"false\">\n\t\t\t\t\t\t\t\t\t\t\t\t<span class=\"elementor-toggle-icon elementor-toggle-icon-right\" aria-hidden=\"true\">\n\t\t\t\t\t\t\t\t\t\t\t\t\t\t\t<span class=\"elementor-toggle-icon-closed\"><i class=\"fas fa-plus\"><\/i><\/span>\n\t\t\t\t\t\t\t\t<span class=\"elementor-toggle-icon-opened\"><i class=\"elementor-toggle-icon-opened fas fa-minus\"><\/i><\/span>\n\t\t\t\t\t\t\t\t\t\t\t\t\t<\/span>\n\t\t\t\t\t\t\t\t\t\t\t\t<a class=\"elementor-toggle-title\" tabindex=\"0\">5. Assurance Voyage<\/a>\n\t\t\t\t\t<\/h3>\n\n\t\t\t\t\t<div id=\"elementor-tab-content-4516\" class=\"elementor-tab-content elementor-clearfix\" data-tab=\"6\" role=\"region\" aria-labelledby=\"elementor-tab-title-4516\"><p>Nous recommandons vivement \u00e0 nos clients de souscrire une assurance voyage couvrant l&#8217;annulation, les frais m\u00e9dicaux, les bagages et autres risques \u00e9ventuels li\u00e9s au voyage.<\/p><\/div>\n\t\t\t\t<\/div>\n\t\t\t\t\t\t\t<div class=\"elementor-toggle-item\">\n\t\t\t\t\t<h3 id=\"elementor-tab-title-4517\" class=\"elementor-tab-title\" data-tab=\"7\" role=\"button\" aria-controls=\"elementor-tab-content-4517\" aria-expanded=\"false\">\n\t\t\t\t\t\t\t\t\t\t\t\t<span class=\"elementor-toggle-icon elementor-toggle-icon-right\" aria-hidden=\"true\">\n\t\t\t\t\t\t\t\t\t\t\t\t\t\t\t<span class=\"elementor-toggle-icon-closed\"><i class=\"fas fa-plus\"><\/i><\/span>\n\t\t\t\t\t\t\t\t<span class=\"elementor-toggle-icon-opened\"><i class=\"elementor-toggle-icon-opened fas fa-minus\"><\/i><\/span>\n\t\t\t\t\t\t\t\t\t\t\t\t\t<\/span>\n\t\t\t\t\t\t\t\t\t\t\t\t<a class=\"elementor-toggle-title\" tabindex=\"0\">6. Confidentialit\u00e9<\/a>\n\t\t\t\t\t<\/h3>\n\n\t\t\t\t\t<div id=\"elementor-tab-content-4517\" class=\"elementor-tab-content elementor-clearfix\" data-tab=\"7\" role=\"region\" aria-labelledby=\"elementor-tab-title-4517\"><p><strong>Politique de Confidentialit\u00e9 d&#8217;All\u00f4 Voyages<br \/><br \/><\/strong><\/p><p>All\u00f4 Voyages Inc. a cr\u00e9\u00e9 cette politique de confidentialit\u00e9 afin de d\u00e9montrer notre engagement envers votre droit \u00e0 la confidentialit\u00e9. La politique suivante d\u00e9crit nos pratiques concernant la collecte de vos renseignements personnels ainsi que leur utilisation dans le cadre de ce site web.<br \/><br \/><\/p><p><strong>Quelles informations recueillent <\/strong>All\u00f4 Voyages Inc.<br \/><br \/><\/p><p>Certaines informations telles que (mais sans s\u2019y limiter) votre nom, votre adresse, vos num\u00e9ros de contact, votre adresse courriel, vos pr\u00e9f\u00e9rences, vos int\u00e9r\u00eats et de l&#8217;information relative aux clients peuvent \u00eatre collect\u00e9es par All\u00f4 Voyages Inc. \u00e0 des fins diverses.<\/p><p>Le choix de la quantit\u00e9 d\u2019information fournie est cependant toujours sous votre contr\u00f4le, il faut toujours garder \u00e0 l\u2019esprit que certaines informations peuvent \u00eatre n\u00e9cessaires\/requises afin que nous puissions fournir de l\u2019aide ou un service.<\/p><p>Nous n\u2019allons pas vendre, \u00e9changer ou distribuer les noms, les adresses courriel, ou les coordonn\u00e9es de nos abonn\u00e9s, sauf si requis par la loi.<\/p><p>Nous pouvons utiliser vos renseignements personnels pour vous envoyer des informations promotionnelles sur des tiers que nous pensons que vous trouverez int\u00e9ressantes.<br \/><br \/><\/p><p><strong>Ce que nous pouvons faire avec les informations que nous recueillons<br \/><br \/><\/strong><\/p><p>All\u00f4 Voyages Inc. utilise les renseignements personnels recueillis aux fins suivantes :\u00a0<br \/><br \/><\/p><ol><li>Tenue de dossiers internes.<\/li><li>\u00a0Am\u00e9lioration des produits et services.<\/li><li>\u00a0Communication promotionnelle et toute information, y compris les informations de tiers, <br \/>\u00a0dont nous puissions penser que vous trouverez int\u00e9ressantes.<\/li><li>\u00a0Am\u00e9lioration et personnalisation du site Web.<br \/><br \/><br \/><\/li><\/ol><p>Vous pouvez en tout temps refuser de nous fournir vos renseignements personnels, cependant, il se peut que vous ne puissiez b\u00e9n\u00e9ficier de tous les services qu\u2019All\u00f4 Voyages Inc. a \u00e0 vous offrir.<br \/><br \/><\/p><p><strong>Renseignements personnels<br \/><br \/><\/strong><\/p><p>Lorsque vous adh\u00e9rez \u00e0 un service qui n\u00e9cessite une inscription, nous vous demandons de fournir des renseignements personnels. Ces informations ne seront pas utilis\u00e9es de mani\u00e8re diff\u00e9rente que celle pour laquelle elles ont \u00e9t\u00e9 recueillies. Le cas \u00e9ch\u00e9ant, All\u00f4 Voyages Inc. devra obtenir votre consentement pr\u00e9alable.<\/p><p>Nous recueillons et utilisons certaines informations vous concernant, de mani\u00e8re responsable. Lorsque nous intervenons ainsi, nous le faisons en respectant la r\u00e9glementation g\u00e9n\u00e9rale sur la protection des donn\u00e9es (qui s\u2019applique dans tous les \u00e9tats de l\u2019Union europ\u00e9enne) ainsi que d&#8217;autres lois sur la protection des donn\u00e9es et, en tant que contr\u00f4leur de ces informations personnelles, nous agissons de mani\u00e8re responsable, en conformit\u00e9 avec les objectifs pr\u00e9vus dans ces lois.<\/p><p>Nous avons nomm\u00e9 un responsable des donn\u00e9es personnelles qui est charg\u00e9 de r\u00e9pondre \u00e0 toutes les questions se rapportant \u00e0 ces principes de protection des donn\u00e9es personnelles. Si vous avez des questions au sujet de ces principes de protection des donn\u00e9es, y compris des requ\u00eates quant \u00e0 l\u2019exercice de vos droits l\u00e9gaux, n\u2019h\u00e9sitez pas \u00e0 contacter le Responsable de la protection des donn\u00e9es personnelles, en utilisant les coordonn\u00e9es ci-dessous.<br \/><br \/><\/p><p><strong>Coordonn\u00e9es pour prendre contact<br \/><br \/><\/strong><\/p><p>Si vous avez des questions au sujet de ces principes de protection des donn\u00e9es personnelles, n\u2019h\u00e9sitez pas \u00e0 contacter notre Responsable de la protection des donn\u00e9es personnelles, en utilisant l\u2019une des m\u00e9thodes suivantes :<br \/><br \/><\/p><p><strong>Nom de la compagnie:<\/strong>\u00a0 Allo Voyages Inc.<\/p><p><strong>Nom du responsable:<\/strong>\u00a0 Patrick<\/p><p><strong>Adresse courriel:<\/strong>\u00a0 info@4j2.ffe.mytemp.website<\/p><p><strong>Adresse postale:<\/strong>\u00a0 1470 chemin Chambly, suite 300, Longueuil QC, Canada<br \/><br \/><\/p><p><strong>Comment nous utilisons les t\u00e9moins de connexion (cookies)<br \/><br \/><\/strong><\/p><p>Un t\u00e9moin de connexion (cookie) est un petit fichier qui demande l\u2019autorisation d\u2019\u00eatre plac\u00e9 sur le disque dur de votre ordinateur. Seulement une fois que vous \u00eates d\u2019accord, le fichier est ajout\u00e9 et le cookie en question aide \u00e0 analyser le trafic Web ou vous permet de savoir lorsque vous visitez un site particulier.<\/p><p>Les t\u00e9moins de connexion permettent aux applications web de vous r\u00e9pondre en tant qu\u2019individu. L\u2019application web peut, en raison des t\u00e9moins de connexion, adapter ses op\u00e9rations \u00e0 vos besoins, vos go\u00fbts et vos aversions en recueillant et en se souvenant d\u2019informations sur vos pr\u00e9f\u00e9rences.<\/p><p>Nous utilisons les t\u00e9moins de journal de trafic pour identifier les pages utilis\u00e9es. Cela nous aide \u00e0 analyser les donn\u00e9es sur le trafic des pages web et \u00e0 am\u00e9liorer notre site web afin de les adapter aux besoins de nos clients. Les informations ne sont utilis\u00e9es qu\u2019\u00e0 des fins de statistiques, puis les donn\u00e9es sont supprim\u00e9es du syst\u00e8me.<\/p><p>Dans l\u2019ensemble, les t\u00e9moins de connexion nous aident \u00e0 vous fournir un meilleur site web et une meilleure exp\u00e9rience de navigation en nous permettant de surveiller les pages qui vous sont utiles et celles qui ne le sont pas. Un t\u00e9moin de connexion ne nous donne pas acc\u00e8s \u00e0 votre ordinateur ou \u00e0 toute information vous concernant, autre que les donn\u00e9es que vous choisissez de partager avec nous.<\/p><p>Les t\u00e9moins de connexion peuvent \u00eatre accept\u00e9s ou refus\u00e9s. La plupart des navigateurs web acceptent automatiquement les t\u00e9moins de connexion, mais vous pouvez g\u00e9n\u00e9ralement modifier les param\u00e8tres de votre navigateur pour refuser les t\u00e9moins de connexion si vous pr\u00e9f\u00e9rez.<\/p><p>Veuillez toutefois noter que le refus d\u2019acc\u00e8s aux t\u00e9moins de connexion peut vous emp\u00eacher de profiter pleinement du site web.<br \/><br \/><\/p><p><strong>Changements \u00e0 la politique de confidentialit\u00e9<br \/><br \/><\/strong><\/p><p>Nous nous r\u00e9servons le droit de modifier cette politique de confidentialit\u00e9, cependant nous ne r\u00e9duirons pas vos droits en vertu de la pr\u00e9sente politique sans votre consentement pr\u00e9alable.<br \/><br \/><\/p><p><strong>Pour nous joindre<br \/><br \/><\/strong><\/p><p>Si vous avez des questions concernant cette politique de confidentialit\u00e9, les pratiques de ce site ou vos interactions avec ce site, vous pouvez nous contacter par courriel \u00e0 l\u2019adresse suivante : info@4j2.ffe.mytemp.website<\/p><p>Derni\u00e8re mise \u00e0 jour : 09 avril 2024<\/p><\/div>\n\t\t\t\t<\/div>\n\t\t\t\t\t\t\t\t<\/div>\n\t\t\t\t\t\t<\/div>\n\t\t\t\t<\/div>\n\t\t\t\t\t<\/div>\n\t\t\t\t<\/div>\n\t\t\t\t<\/div>\n\t\t","protected":false},"excerpt":{"rendered":"<p>All\u00f4 Voyages Politiques et conditions l&#8217;Office de la protection du consommateur (OPC) Au Qu\u00e9bec, les agences de voyage sont r\u00e9glement\u00e9es par l&#8217;Office de la protection du consommateur (OPC) et doivent respecter certaines conditions et obligations l\u00e9gales. Voici quelques points cl\u00e9s en mati\u00e8re de politique et de conditions pour les agences de voyage au Qu\u00e9bec : [&hellip;]<\/p>\n","protected":false},"author":3,"featured_media":0,"parent":0,"menu_order":0,"comment_status":"closed","ping_status":"closed","template":"","meta":{"footnotes":""},"class_list":["post-8728","page","type-page","status-publish","hentry"],"_links":{"self":[{"href":"https:\/\/allovoyages.ca\/index.php?rest_route=\/wp\/v2\/pages\/8728","targetHints":{"allow":["GET"]}}],"collection":[{"href":"https:\/\/allovoyages.ca\/index.php?rest_route=\/wp\/v2\/pages"}],"about":[{"href":"https:\/\/allovoyages.ca\/index.php?rest_route=\/wp\/v2\/types\/page"}],"author":[{"embeddable":true,"href":"https:\/\/allovoyages.ca\/index.php?rest_route=\/wp\/v2\/users\/3"}],"replies":[{"embeddable":true,"href":"https:\/\/allovoyages.ca\/index.php?rest_route=%2Fwp%2Fv2%2Fcomments&post=8728"}],"version-history":[{"count":76,"href":"https:\/\/allovoyages.ca\/index.php?rest_route=\/wp\/v2\/pages\/8728\/revisions"}],"predecessor-version":[{"id":8965,"href":"https:\/\/allovoyages.ca\/index.php?rest_route=\/wp\/v2\/pages\/8728\/revisions\/8965"}],"wp:attachment":[{"href":"https:\/\/allovoyages.ca\/index.php?rest_route=%2Fwp%2Fv2%2Fmedia&parent=8728"}],"curies":[{"name":"wp","href":"https:\/\/api.w.org\/{rel}","templated":true}]}}